{"id":360,"date":"2026-02-05T23:51:02","date_gmt":"2026-02-05T23:51:02","guid":{"rendered":"https:\/\/promodrive.pl\/?page_id=360"},"modified":"2026-03-05T01:51:08","modified_gmt":"2026-03-05T01:51:08","slug":"publikacje-2","status":"publish","type":"page","link":"https:\/\/viawolnosci.pl\/index.php\/publikacje-2\/","title":{"rendered":"Publikacje"},"content":{"rendered":"\t\t<div data-elementor-type=\"wp-page\" data-elementor-id=\"360\" class=\"elementor elementor-360\">\n\t\t\t\t<div class=\"elementor-element elementor-element-fcc2d0f e-flex e-con-boxed e-con e-parent\" data-id=\"fcc2d0f\" data-element_type=\"container\">\n\t\t\t\t\t<div class=\"e-con-inner\">\n\t\t<div class=\"elementor-element elementor-element-42429c1 e-con-full e-flex e-con e-child\" data-id=\"42429c1\" data-element_type=\"container\">\n\t\t\t\t<div class=\"elementor-element elementor-element-9712e5d elementor-widget elementor-widget-image\" data-id=\"9712e5d\" data-element_type=\"widget\" data-widget_type=\"image.default\">\n\t\t\t\t\t\t\t\t\t\t\t\t\t\t\t\t<a href=\"https:\/\/viawolnosci.pl\/index.php\/publikacje\/\">\n\t\t\t\t\t\t\t<img fetchpriority=\"high\" decoding=\"async\" width=\"600\" height=\"400\" src=\"https:\/\/viawolnosci.pl\/wp-content\/uploads\/2026\/02\/nuumer-1-viawolnosci-okladka.webp\" class=\"attachment-large size-large wp-image-366\" alt=\"viawolnosci numer 1\" srcset=\"https:\/\/viawolnosci.pl\/wp-content\/uploads\/2026\/02\/nuumer-1-viawolnosci-okladka.webp 600w, https:\/\/viawolnosci.pl\/wp-content\/uploads\/2026\/02\/nuumer-1-viawolnosci-okladka-300x200.webp 300w\" sizes=\"(max-width: 600px) 100vw, 600px\" \/>\t\t\t\t\t\t\t\t<\/a>\n\t\t\t\t\t\t\t\t\t\t\t\t\t\t\t<\/div>\n\t\t\t\t<div class=\"elementor-element elementor-element-9e0a511 elementor-widget elementor-widget-heading\" data-id=\"9e0a511\" data-element_type=\"widget\" data-widget_type=\"heading.default\">\n\t\t\t\t\t<h2 class=\"elementor-heading-title elementor-size-default\">Kiedy\u015b Wilhelmsplatz, dzisiaj Plac Wolno\u015bci.<\/h2>\t\t\t\t<\/div>\n\t\t\t\t<div class=\"elementor-element elementor-element-81a66ec elementor-widget elementor-widget-text-editor\" data-id=\"81a66ec\" data-element_type=\"widget\" data-widget_type=\"text-editor.default\">\n\t\t\t\t\t\t\t\t\t<p>Plac Wolno\u015bci w Poznaniu, dawniej Wilhelmsplatz, powsta\u0142 na terenach zwanych niegdy\u015b Musz\u0105 G\u00f3r\u0105, nale\u017c\u0105cych od XVI wieku do rodu Muszy\u0144skich. Pierwsze plany jego zagospodarowania &#8230;<\/p>\t\t\t\t\t\t\t\t<\/div>\n\t\t\t\t<div class=\"elementor-element elementor-element-eb54378 elementor-align-left elementor-widget elementor-widget-button\" data-id=\"eb54378\" data-element_type=\"widget\" data-widget_type=\"button.default\">\n\t\t\t\t\t\t\t\t\t\t<a class=\"elementor-button elementor-button-link elementor-size-sm\" href=\"https:\/\/viawolnosci.pl\/index.php\/publikacje\/\">\n\t\t\t\t\t\t<span class=\"elementor-button-content-wrapper\">\n\t\t\t\t\t\t\t\t\t<span class=\"elementor-button-text\">CZYTAJ DALEJ<\/span>\n\t\t\t\t\t<\/span>\n\t\t\t\t\t<\/a>\n\t\t\t\t\t\t\t\t<\/div>\n\t\t\t\t<\/div>\n\t\t<div class=\"elementor-element elementor-element-af0e40f e-con-full e-flex e-con e-child\" data-id=\"af0e40f\" data-element_type=\"container\">\n\t\t\t\t<div class=\"elementor-element elementor-element-c34dbe4 elementor-widget elementor-widget-image\" data-id=\"c34dbe4\" data-element_type=\"widget\" data-widget_type=\"image.default\">\n\t\t\t\t\t\t\t\t\t\t\t\t\t\t\t\t<a href=\"https:\/\/viawolnosci.pl\/index.php\/publikacje\/\">\n\t\t\t\t\t\t\t<img decoding=\"async\" width=\"600\" height=\"400\" src=\"https:\/\/viawolnosci.pl\/wp-content\/uploads\/2026\/03\/viawolnosci-numer-2.webp\" class=\"attachment-large size-large wp-image-587\" alt=\"\" srcset=\"https:\/\/viawolnosci.pl\/wp-content\/uploads\/2026\/03\/viawolnosci-numer-2.webp 600w, https:\/\/viawolnosci.pl\/wp-content\/uploads\/2026\/03\/viawolnosci-numer-2-300x200.webp 300w\" sizes=\"(max-width: 600px) 100vw, 600px\" \/>\t\t\t\t\t\t\t\t<\/a>\n\t\t\t\t\t\t\t\t\t\t\t\t\t\t\t<\/div>\n\t\t\t\t<div class=\"elementor-element elementor-element-9623fde elementor-widget elementor-widget-heading\" data-id=\"9623fde\" data-element_type=\"widget\" data-widget_type=\"heading.default\">\n\t\t\t\t\t<h2 class=\"elementor-heading-title elementor-size-default\">Wydanie 02 | 2026<\/h2>\t\t\t\t<\/div>\n\t\t\t\t<div class=\"elementor-element elementor-element-682d1b5 elementor-widget elementor-widget-text-editor\" data-id=\"682d1b5\" data-element_type=\"widget\" data-widget_type=\"text-editor.default\">\n\t\t\t\t\t\t\t\t\t<p>Drugi numer viaWolno\u015bci ju\u017c w maju. Je\u015bli chcesz otrzyma\u0107 informacj\u0119 o premierze jako pierwszy i mie\u0107 pewno\u015b\u0107, \u017ce nie ominie Ci\u0119 \u017caden egzemplarz \u2013 zapisz si\u0119 na nasz\u0105 list\u0119.<\/p>\t\t\t\t\t\t\t\t<\/div>\n\t\t\t\t<div class=\"elementor-element elementor-element-c0afdc8 elementor-align-left elementor-widget elementor-widget-button\" data-id=\"c0afdc8\" data-element_type=\"widget\" data-widget_type=\"button.default\">\n\t\t\t\t\t\t\t\t\t\t<a class=\"elementor-button elementor-size-sm\" role=\"button\">\n\t\t\t\t\t\t<span class=\"elementor-button-content-wrapper\">\n\t\t\t\t\t\t\t\t\t<span class=\"elementor-button-text\">ZAPISZ SI\u0118<\/span>\n\t\t\t\t\t<\/span>\n\t\t\t\t\t<\/a>\n\t\t\t\t\t\t\t\t<\/div>\n\t\t\t\t<\/div>\n\t\t<div class=\"elementor-element elementor-element-8b709fb e-con-full e-flex e-con e-child\" data-id=\"8b709fb\" data-element_type=\"container\">\n\t\t\t\t<div class=\"elementor-element elementor-element-f4c395d elementor-widget elementor-widget-image\" data-id=\"f4c395d\" data-element_type=\"widget\" data-widget_type=\"image.default\">\n\t\t\t\t\t\t\t\t\t\t\t\t\t\t\t\t<a href=\"https:\/\/viawolnosci.pl\/index.php\/publikacje\/\">\n\t\t\t\t\t\t\t<img decoding=\"async\" width=\"600\" height=\"400\" src=\"https:\/\/viawolnosci.pl\/wp-content\/uploads\/2026\/03\/viawolnosci-numer-3.png\" class=\"attachment-large size-large wp-image-588\" alt=\"\" srcset=\"https:\/\/viawolnosci.pl\/wp-content\/uploads\/2026\/03\/viawolnosci-numer-3.png 600w, https:\/\/viawolnosci.pl\/wp-content\/uploads\/2026\/03\/viawolnosci-numer-3-300x200.png 300w\" sizes=\"(max-width: 600px) 100vw, 600px\" \/>\t\t\t\t\t\t\t\t<\/a>\n\t\t\t\t\t\t\t\t\t\t\t\t\t\t\t<\/div>\n\t\t\t\t<div class=\"elementor-element elementor-element-e5d20cf elementor-widget elementor-widget-heading\" data-id=\"e5d20cf\" data-element_type=\"widget\" data-widget_type=\"heading.default\">\n\t\t\t\t\t<h2 class=\"elementor-heading-title elementor-size-default\">Wydanie 03 | 2026<\/h2>\t\t\t\t<\/div>\n\t\t\t\t<div class=\"elementor-element elementor-element-163be7c elementor-widget elementor-widget-text-editor\" data-id=\"163be7c\" data-element_type=\"widget\" data-widget_type=\"text-editor.default\">\n\t\t\t\t\t\t\t\t\t<p>Trzeci numer viaWolno\u015bci ju\u017c w lipcu. Je\u015bli chcesz otrzyma\u0107 informacj\u0119 o premierze jako pierwszy i mie\u0107 pewno\u015b\u0107, \u017ce nie ominie Ci\u0119 \u017caden egzemplarz \u2013 zapisz si\u0119 na nasz\u0105 list\u0119.<\/p>\t\t\t\t\t\t\t\t<\/div>\n\t\t\t\t<div class=\"elementor-element elementor-element-50dc2fb elementor-align-left elementor-widget elementor-widget-button\" data-id=\"50dc2fb\" data-element_type=\"widget\" data-widget_type=\"button.default\">\n\t\t\t\t\t\t\t\t\t\t<a class=\"elementor-button elementor-size-sm\" role=\"button\">\n\t\t\t\t\t\t<span class=\"elementor-button-content-wrapper\">\n\t\t\t\t\t\t\t\t\t<span class=\"elementor-button-text\">ZAPISZ SI\u0118<\/span>\n\t\t\t\t\t<\/span>\n\t\t\t\t\t<\/a>\n\t\t\t\t\t\t\t\t<\/div>\n\t\t\t\t<\/div>\n\t\t\t\t\t<\/div>\n\t\t\t\t<\/div>\n\t\t\t\t<\/div>\n\t\t","protected":false},"excerpt":{"rendered":"<p>Kiedy\u015b Wilhelmsplatz, dzisiaj Plac Wolno\u015bci. Plac Wolno\u015bci w Poznaniu, dawniej Wilhelmsplatz, powsta\u0142 na terenach zwanych niegdy\u015b Musz\u0105 G\u00f3r\u0105, nale\u017c\u0105cych od XVI wieku do rodu Muszy\u0144skich. Pierwsze plany jego zagospodarowania &#8230; CZYTAJ DALEJ Wydanie 02 | 2026 Drugi numer viaWolno\u015bci ju\u017c w maju. Je\u015bli chcesz otrzyma\u0107 informacj\u0119 o premierze jako pierwszy i mie\u0107 pewno\u015b\u0107, \u017ce nie [&hellip;]<\/p>\n","protected":false},"author":1,"featured_media":0,"parent":0,"menu_order":0,"comment_status":"closed","ping_status":"closed","template":"","meta":{"footnotes":""},"class_list":["post-360","page","type-page","status-publish","hentry"],"_links":{"self":[{"href":"https:\/\/viawolnosci.pl\/index.php\/wp-json\/wp\/v2\/pages\/360","targetHints":{"allow":["GET"]}}],"collection":[{"href":"https:\/\/viawolnosci.pl\/index.php\/wp-json\/wp\/v2\/pages"}],"about":[{"href":"https:\/\/viawolnosci.pl\/index.php\/wp-json\/wp\/v2\/types\/page"}],"author":[{"embeddable":true,"href":"https:\/\/viawolnosci.pl\/index.php\/wp-json\/wp\/v2\/users\/1"}],"replies":[{"embeddable":true,"href":"https:\/\/viawolnosci.pl\/index.php\/wp-json\/wp\/v2\/comments?post=360"}],"version-history":[{"count":37,"href":"https:\/\/viawolnosci.pl\/index.php\/wp-json\/wp\/v2\/pages\/360\/revisions"}],"predecessor-version":[{"id":622,"href":"https:\/\/viawolnosci.pl\/index.php\/wp-json\/wp\/v2\/pages\/360\/revisions\/622"}],"wp:attachment":[{"href":"https:\/\/viawolnosci.pl\/index.php\/wp-json\/wp\/v2\/media?parent=360"}],"curies":[{"name":"wp","href":"https:\/\/api.w.org\/{rel}","templated":true}]}}