{"id":94,"date":"2025-09-03T18:07:26","date_gmt":"2025-09-03T18:07:26","guid":{"rendered":"https:\/\/www.bogumilprzybylak.pl\/?page_id=94"},"modified":"2026-03-05T02:42:58","modified_gmt":"2026-03-05T02:42:58","slug":"o-nas","status":"publish","type":"page","link":"https:\/\/viawolnosci.pl\/index.php\/o-nas\/","title":{"rendered":"O NAS"},"content":{"rendered":"\t\t<div data-elementor-type=\"wp-page\" data-elementor-id=\"94\" class=\"elementor elementor-94\">\n\t\t\t\t<div class=\"elementor-element elementor-element-1cf9843 e-flex e-con-boxed e-con e-parent\" data-id=\"1cf9843\" data-element_type=\"container\">\n\t\t\t\t\t<div class=\"e-con-inner\">\n\t\t<div class=\"elementor-element elementor-element-40c13c1 e-con-full e-flex e-con e-child\" data-id=\"40c13c1\" data-element_type=\"container\">\n\t\t\t\t<div class=\"elementor-element elementor-element-d51f011 elementor-widget elementor-widget-heading\" data-id=\"d51f011\" data-element_type=\"widget\" data-widget_type=\"heading.default\">\n\t\t\t\t\t<h2 class=\"elementor-heading-title elementor-size-default\">Jak to si\u0119 zacz\u0119\u0142o?<\/h2>\t\t\t\t<\/div>\n\t\t\t\t<div class=\"elementor-element elementor-element-42083fa elementor-widget elementor-widget-text-editor\" data-id=\"42083fa\" data-element_type=\"widget\" data-widget_type=\"text-editor.default\">\n\t\t\t\t\t\t\t\t\t<p class=\"p1\">Z potrzeby opowiedzenia historii miejsca, kt\u00f3re na co dzie\u0144 mijamy w po\u015bpiechu. Z rozm\u00f3w przy kawie, ze wspomnie\u0144,<br \/>z fascynacji architektur\u0105 i lud\u017ami, kt\u00f3rzy od pokole\u0144 tworz\u0105 to\u017csamo\u015b\u0107 tej cz\u0119\u015bci miasta. Gazeta powsta\u0142a z przekonania, \u017ce Plac Wolno\u015bci to nie tylko punkt na mapie, ale przestrze\u0144 z charakterem \u2013 pe\u0142na historii, emocji i wsp\u00f3\u0142czesnych inicjatyw.<\/p>\t\t\t\t\t\t\t\t<\/div>\n\t\t\t\t<div class=\"elementor-element elementor-element-8667a42 elementor-align-left elementor-mobile-align-center elementor-widget elementor-widget-button\" data-id=\"8667a42\" data-element_type=\"widget\" data-widget_type=\"button.default\">\n\t\t\t\t\t\t\t\t\t\t<a class=\"elementor-button elementor-button-link elementor-size-sm\" href=\"https:\/\/viawolnosci.pl\/index.php\/publikacje-2\/\">\n\t\t\t\t\t\t<span class=\"elementor-button-content-wrapper\">\n\t\t\t\t\t\t\t\t\t<span class=\"elementor-button-text\">CZYTAJ DALEJ<\/span>\n\t\t\t\t\t<\/span>\n\t\t\t\t\t<\/a>\n\t\t\t\t\t\t\t\t<\/div>\n\t\t\t\t<\/div>\n\t\t<div class=\"elementor-element elementor-element-934f72a e-con-full e-flex e-con e-child\" data-id=\"934f72a\" data-element_type=\"container\">\n\t\t\t\t<div class=\"elementor-element elementor-element-bac5675 elementor-widget__width-initial elementor-hidden-tablet elementor-hidden-mobile elementor-widget elementor-widget-image\" data-id=\"bac5675\" data-element_type=\"widget\" data-widget_type=\"image.default\">\n\t\t\t\t\t\t\t\t\t\t\t\t\t\t\t<img fetchpriority=\"high\" decoding=\"async\" width=\"768\" height=\"468\" src=\"https:\/\/viawolnosci.pl\/wp-content\/uploads\/2026\/02\/plac-wolnosci-rysunek-768x468.webp\" class=\"attachment-medium_large size-medium_large wp-image-331\" alt=\"\" srcset=\"https:\/\/viawolnosci.pl\/wp-content\/uploads\/2026\/02\/plac-wolnosci-rysunek-768x468.webp 768w, https:\/\/viawolnosci.pl\/wp-content\/uploads\/2026\/02\/plac-wolnosci-rysunek-300x183.webp 300w, https:\/\/viawolnosci.pl\/wp-content\/uploads\/2026\/02\/plac-wolnosci-rysunek-1024x624.webp 1024w, https:\/\/viawolnosci.pl\/wp-content\/uploads\/2026\/02\/plac-wolnosci-rysunek-1536x936.webp 1536w, https:\/\/viawolnosci.pl\/wp-content\/uploads\/2026\/02\/plac-wolnosci-rysunek.webp 1904w\" sizes=\"(max-width: 768px) 100vw, 768px\" \/>\t\t\t\t\t\t\t\t\t\t\t\t\t\t\t<\/div>\n\t\t\t\t<\/div>\n\t\t\t\t\t<\/div>\n\t\t\t\t<\/div>\n\t\t\t\t<\/div>\n\t\t","protected":false},"excerpt":{"rendered":"<p>Jak to si\u0119 zacz\u0119\u0142o? Z potrzeby opowiedzenia historii miejsca, kt\u00f3re na co dzie\u0144 mijamy w po\u015bpiechu. Z rozm\u00f3w przy kawie, ze wspomnie\u0144,z fascynacji architektur\u0105 i lud\u017ami, kt\u00f3rzy od pokole\u0144 tworz\u0105 to\u017csamo\u015b\u0107 tej cz\u0119\u015bci miasta. Gazeta powsta\u0142a z przekonania, \u017ce Plac Wolno\u015bci to nie tylko punkt na mapie, ale przestrze\u0144 z charakterem \u2013 pe\u0142na historii, emocji [&hellip;]<\/p>\n","protected":false},"author":1,"featured_media":0,"parent":0,"menu_order":0,"comment_status":"closed","ping_status":"closed","template":"","meta":{"footnotes":""},"class_list":["post-94","page","type-page","status-publish","hentry"],"_links":{"self":[{"href":"https:\/\/viawolnosci.pl\/index.php\/wp-json\/wp\/v2\/pages\/94","targetHints":{"allow":["GET"]}}],"collection":[{"href":"https:\/\/viawolnosci.pl\/index.php\/wp-json\/wp\/v2\/pages"}],"about":[{"href":"https:\/\/viawolnosci.pl\/index.php\/wp-json\/wp\/v2\/types\/page"}],"author":[{"embeddable":true,"href":"https:\/\/viawolnosci.pl\/index.php\/wp-json\/wp\/v2\/users\/1"}],"replies":[{"embeddable":true,"href":"https:\/\/viawolnosci.pl\/index.php\/wp-json\/wp\/v2\/comments?post=94"}],"version-history":[{"count":80,"href":"https:\/\/viawolnosci.pl\/index.php\/wp-json\/wp\/v2\/pages\/94\/revisions"}],"predecessor-version":[{"id":700,"href":"https:\/\/viawolnosci.pl\/index.php\/wp-json\/wp\/v2\/pages\/94\/revisions\/700"}],"wp:attachment":[{"href":"https:\/\/viawolnosci.pl\/index.php\/wp-json\/wp\/v2\/media?parent=94"}],"curies":[{"name":"wp","href":"https:\/\/api.w.org\/{rel}","templated":true}]}}